  {"id":71,"date":"2022-01-13T16:31:32","date_gmt":"2022-01-13T16:31:32","guid":{"rendered":"https:\/\/buildit.wpbuilderkit.com\/?page_id=71"},"modified":"2022-01-26T14:42:24","modified_gmt":"2022-01-26T14:42:24","slug":"kapcsolat","status":"publish","type":"page","link":"https:\/\/buildit.wpbuilderkit.com\/?page_id=71","title":{"rendered":"Kapcsolat"},"content":{"rendered":"\n<p>T\u00c9RV\u00c1Z Kft. Kiskunhalasi iroda \u00e9s telephely:<br>6400 Kiskunhalas, Szegedi \u00fat 8.<br>Telefon: +36 00 422 282, +36 30 203 0032<br>Fax: +36 00 422 831<br>e-mail: kozpont@tervaz.hu<br>GPS: 46.426218,12.428228<\/p>\n\n\n\n<p>Aj\u00e1nlatk\u00e9r\u00e9s: vallalkozas@tervaz.hu<\/p>\n\n\n\n<p>T\u00f3th Ferenc<br>tulajdonos, \u00fcgyvezet\u0151<br>toth.ferenc@tervaz.hu<br>+36 00 422 282<\/p>\n\n\n\n<p>T\u00f3th Ferencn\u00e9<br>tulajdonos, gazdas\u00e1gi vezet\u0151<br>tothne.ilona@tervaz.hu<br>+36 00 422 282<\/p>\n\n\n\n<p>T\u00c9RV\u00c1Z Kft. Budapesti iroda:<br>1131 Budapest, Rokolya u. 1-13.<br>(Rokolya irodah\u00e1z) VI. emelet 600.<br>Telefon: +36 1 024 11 13, +36 30 802 20 00<br>Fax: +36 1 024 10 01<br>e-mail: budapest@tervaz.hu<br>GPS: 40.042228,12.088406<\/p>\n\n\n\n<p>Aj\u00e1nlatk\u00e9r\u00e9s: vallalkozas@tervaz.hu<\/p>\n\n\n\n<p>Pet\u0151cz Andr\u00e1s<br>\u00fcgyvezet\u0151<br>petocz.andras@tervaz.hu<br>+36 1 024 11 13<\/p>\n\n\n\n<p>Pet\u0151cz-T\u00f3th Anik\u00f3<br>vezet\u0151 tervez\u0151<br>p.toth.aniko@tervaz.hu<br>+36 1 024 11 13<\/p>\n\n\n\n<p>Amennyiben szeretne csatlakozni a T\u00e9rv\u00e1z Kft csapat\u00e1hoz, k\u00fcldje el nek\u00fcnk f\u00e9nyk\u00e9pes \u00f6n\u00e9letrajz\u00e1t \u00e9s motiv\u00e1ci\u00f3s level\u00e9t a karrier@tervaz.hu email c\u00edmre.<\/p>\n\n\n\n<p>V\u00e1rjuk jelentkez\u00e9s\u00e9t!<\/p>\n","protected":false},"excerpt":{"rendered":"<p>T\u00c9RV\u00c1Z Kft. Kiskunhalasi iroda \u00e9s telephely:6400 Kiskunhalas, Szegedi \u00fat 8.Telefon: +36 00 422 282, +36 30 203 0032Fax: &#8230;<\/p>\n","protected":false},"author":1,"featured_media":0,"parent":0,"menu_order":4,"comment_status":"closed","ping_status":"closed","template":"","meta":{"footnotes":""},"class_list":["post-71","page","type-page","status-publish","hentry"],"_links":{"self":[{"href":"https:\/\/buildit.wpbuilderkit.com\/index.php?rest_route=\/wp\/v2\/pages\/71","targetHints":{"allow":["GET"]}}],"collection":[{"href":"https:\/\/buildit.wpbuilderkit.com\/index.php?rest_route=\/wp\/v2\/pages"}],"about":[{"href":"https:\/\/buildit.wpbuilderkit.com\/index.php?rest_route=\/wp\/v2\/types\/page"}],"author":[{"embeddable":true,"href":"https:\/\/buildit.wpbuilderkit.com\/index.php?rest_route=\/wp\/v2\/users\/1"}],"replies":[{"embeddable":true,"href":"https:\/\/buildit.wpbuilderkit.com\/index.php?rest_route=%2Fwp%2Fv2%2Fcomments&post=71"}],"version-history":[{"count":1,"href":"https:\/\/buildit.wpbuilderkit.com\/index.php?rest_route=\/wp\/v2\/pages\/71\/revisions"}],"predecessor-version":[{"id":72,"href":"https:\/\/buildit.wpbuilderkit.com\/index.php?rest_route=\/wp\/v2\/pages\/71\/revisions\/72"}],"wp:attachment":[{"href":"https:\/\/buildit.wpbuilderkit.com\/index.php?rest_route=%2Fwp%2Fv2%2Fmedia&parent=71"}],"curies":[{"name":"wp","href":"https:\/\/api.w.org\/{rel}","templated":true}]}}