  {"id":50,"date":"2021-12-08T15:52:34","date_gmt":"2021-12-08T15:52:34","guid":{"rendered":"https:\/\/buildit.wpbuilderkit.com\/?page_id=50"},"modified":"2022-02-15T14:01:53","modified_gmt":"2022-02-15T14:01:53","slug":"gyakori-kerdesek","status":"publish","type":"page","link":"https:\/\/buildit.wpbuilderkit.com\/?page_id=50","title":{"rendered":"Gyakori k\u00e9rd\u00e9sek"},"content":{"rendered":"\n<p>Ak\u00e1r az alapokt\u00f3l \u00e9p\u00edtkezik, ak\u00e1r fel\u00faj\u00edt\u00e1st szeretne, sz\u00e1mos \u00f6sszetett \u00e9s kritikus d\u00f6nt\u00e9st fog meghozni az \u00fat sor\u00e1n.\u00a0A megfelel\u0151 szakipari c\u00e9g kiv\u00e1laszt\u00e1s\u00e1val nem egyszer\u0171 d\u00f6nt\u00e9s, de seg\u00edt\u00fcnk \u00d6nnek!<\/p>\n","protected":false},"excerpt":{"rendered":"<p>Ak\u00e1r az alapokt\u00f3l \u00e9p\u00edtkezik, ak\u00e1r fel\u00faj\u00edt\u00e1st szeretne, sz\u00e1mos \u00f6sszetett \u00e9s kritikus d\u00f6nt\u00e9st fog meghozni az \u00fat sor\u00e1n.\u00a0A megfelel\u0151 &#8230;<\/p>\n","protected":false},"author":1,"featured_media":0,"parent":0,"menu_order":16,"comment_status":"closed","ping_status":"closed","template":"page-accordion.php","meta":{"footnotes":""},"class_list":["post-50","page","type-page","status-publish","hentry"],"_links":{"self":[{"href":"https:\/\/buildit.wpbuilderkit.com\/index.php?rest_route=\/wp\/v2\/pages\/50","targetHints":{"allow":["GET"]}}],"collection":[{"href":"https:\/\/buildit.wpbuilderkit.com\/index.php?rest_route=\/wp\/v2\/pages"}],"about":[{"href":"https:\/\/buildit.wpbuilderkit.com\/index.php?rest_route=\/wp\/v2\/types\/page"}],"author":[{"embeddable":true,"href":"https:\/\/buildit.wpbuilderkit.com\/index.php?rest_route=\/wp\/v2\/users\/1"}],"replies":[{"embeddable":true,"href":"https:\/\/buildit.wpbuilderkit.com\/index.php?rest_route=%2Fwp%2Fv2%2Fcomments&post=50"}],"version-history":[{"count":10,"href":"https:\/\/buildit.wpbuilderkit.com\/index.php?rest_route=\/wp\/v2\/pages\/50\/revisions"}],"predecessor-version":[{"id":1218,"href":"https:\/\/buildit.wpbuilderkit.com\/index.php?rest_route=\/wp\/v2\/pages\/50\/revisions\/1218"}],"wp:attachment":[{"href":"https:\/\/buildit.wpbuilderkit.com\/index.php?rest_route=%2Fwp%2Fv2%2Fmedia&parent=50"}],"curies":[{"name":"wp","href":"https:\/\/api.w.org\/{rel}","templated":true}]}}