  {"id":49,"date":"2021-12-08T15:52:10","date_gmt":"2021-12-08T15:52:10","guid":{"rendered":"https:\/\/buildit.wpbuilderkit.com\/?page_id=49"},"modified":"2022-01-26T13:11:21","modified_gmt":"2022-01-26T13:11:21","slug":"bemutatkozas","status":"publish","type":"page","link":"https:\/\/buildit.wpbuilderkit.com\/?page_id=49","title":{"rendered":"Bemutatkoz\u00e1s"},"content":{"rendered":"\n<p><strong>A BuildIT Kft. 100%-ban magyar tulajdonban lev\u0151 c\u00e9g<\/strong>. T\u00f6bb, mint 20 \u00e9ve vagyunk m\u00e1r a piacon. Partnereink folyamatos \u00e9s maxim\u00e1lis el\u00e9gedetts\u00e9ge seg\u00edtett hozz\u00e1 minket ahoz, hogy m\u00e1ig versenyben maradhassunk az \u00e9p\u00fclet karbantart\u00e1s piacon.<\/p>\n\n\n\n<!--more-->\n\n\n\n<h4 class=\"wp-block-heading\" id=\"dijnyertes-projektek\">D\u00edjnyertes projektek<\/h4>\n\n\n\n<h4 class=\"wp-block-heading\" id=\"minoseg-biztositas\">Min\u0151s\u00e9g biztos\u00edt\u00e1s<\/h4>\n\n\n\n<h4 class=\"wp-block-heading\" id=\"mernoki-hatter\">M\u00e9rn\u00f6ki h\u00e1tt\u00e9r<\/h4>\n\n\n\n<p>C\u00e9g\u00fcnk filoz\u00f3fi\u00e1ja, hogy munkat\u00e1rsaink elv\u00e9gzett munk\u00e1ja ne csak gyors hanem szakszer\u0171 is legyen a t\u00f6k\u00e9letes tisztas\u00e1g \u00e9s a megrendel\u0151ink folyamatos el\u00e9gedetts\u00e9ge \u00e9rdek\u00e9ben, ez\u00e9rt folymatos tov\u00e1bbk\u00e9pz\u00e9sekkel t\u00e1mogatjuk munkat\u00e1rsaink mindennapi munk\u00e1j\u00e1t.<\/p>\n","protected":false},"excerpt":{"rendered":"<p>A BuildIT Kft. 100%-ban magyar tulajdonban lev\u0151 c\u00e9g. T\u00f6bb, mint 20 \u00e9ve vagyunk m\u00e1r a piacon. Partnereink folyamatos &#8230;<\/p>\n","protected":false},"author":1,"featured_media":1108,"parent":0,"menu_order":6,"comment_status":"closed","ping_status":"closed","template":"","meta":{"footnotes":""},"class_list":["post-49","page","type-page","status-publish","has-post-thumbnail","hentry"],"_links":{"self":[{"href":"https:\/\/buildit.wpbuilderkit.com\/index.php?rest_route=\/wp\/v2\/pages\/49","targetHints":{"allow":["GET"]}}],"collection":[{"href":"https:\/\/buildit.wpbuilderkit.com\/index.php?rest_route=\/wp\/v2\/pages"}],"about":[{"href":"https:\/\/buildit.wpbuilderkit.com\/index.php?rest_route=\/wp\/v2\/types\/page"}],"author":[{"embeddable":true,"href":"https:\/\/buildit.wpbuilderkit.com\/index.php?rest_route=\/wp\/v2\/users\/1"}],"replies":[{"embeddable":true,"href":"https:\/\/buildit.wpbuilderkit.com\/index.php?rest_route=%2Fwp%2Fv2%2Fcomments&post=49"}],"version-history":[{"count":8,"href":"https:\/\/buildit.wpbuilderkit.com\/index.php?rest_route=\/wp\/v2\/pages\/49\/revisions"}],"predecessor-version":[{"id":1170,"href":"https:\/\/buildit.wpbuilderkit.com\/index.php?rest_route=\/wp\/v2\/pages\/49\/revisions\/1170"}],"wp:featuredmedia":[{"embeddable":true,"href":"https:\/\/buildit.wpbuilderkit.com\/index.php?rest_route=\/wp\/v2\/media\/1108"}],"wp:attachment":[{"href":"https:\/\/buildit.wpbuilderkit.com\/index.php?rest_route=%2Fwp%2Fv2%2Fmedia&parent=49"}],"curies":[{"name":"wp","href":"https:\/\/api.w.org\/{rel}","templated":true}]}}