  {"id":32,"date":"2021-12-08T15:00:17","date_gmt":"2021-12-08T15:00:17","guid":{"rendered":"https:\/\/buildit.wpbuilderkit.com\/?page_id=32"},"modified":"2022-01-26T08:55:16","modified_gmt":"2022-01-26T08:55:16","slug":"nyilaszarok-csereje","status":"publish","type":"page","link":"https:\/\/buildit.wpbuilderkit.com\/?page_id=32","title":{"rendered":"Ny\u00edl\u00e1sz\u00e1r\u00f3k cser\u00e9je, jav\u00edt\u00e1sa"},"content":{"rendered":"\n<p>R\u00e9gi \u00e9s modern ny\u00edl\u00e1sz\u00e1r\u00f3k szakszer\u0171 jav\u00edt\u00e1sa, fel\u00faj\u00edt\u00e1sa, \u00e1talak\u00edt\u00e1sa szigetel\u00e9s garanci\u00e1val.  <\/p>\n\n\n\n<!--more-->\n","protected":false},"excerpt":{"rendered":"<p>R\u00e9gi \u00e9s modern ny\u00edl\u00e1sz\u00e1r\u00f3k szakszer\u0171 jav\u00edt\u00e1sa, fel\u00faj\u00edt\u00e1sa, \u00e1talak\u00edt\u00e1sa szigetel\u00e9s garanci\u00e1val.<\/p>\n","protected":false},"author":1,"featured_media":1110,"parent":11,"menu_order":12,"comment_status":"closed","ping_status":"closed","template":"","meta":{"footnotes":""},"class_list":["post-32","page","type-page","status-publish","has-post-thumbnail","hentry"],"_links":{"self":[{"href":"https:\/\/buildit.wpbuilderkit.com\/index.php?rest_route=\/wp\/v2\/pages\/32","targetHints":{"allow":["GET"]}}],"collection":[{"href":"https:\/\/buildit.wpbuilderkit.com\/index.php?rest_route=\/wp\/v2\/pages"}],"about":[{"href":"https:\/\/buildit.wpbuilderkit.com\/index.php?rest_route=\/wp\/v2\/types\/page"}],"author":[{"embeddable":true,"href":"https:\/\/buildit.wpbuilderkit.com\/index.php?rest_route=\/wp\/v2\/users\/1"}],"replies":[{"embeddable":true,"href":"https:\/\/buildit.wpbuilderkit.com\/index.php?rest_route=%2Fwp%2Fv2%2Fcomments&post=32"}],"version-history":[{"count":4,"href":"https:\/\/buildit.wpbuilderkit.com\/index.php?rest_route=\/wp\/v2\/pages\/32\/revisions"}],"predecessor-version":[{"id":1162,"href":"https:\/\/buildit.wpbuilderkit.com\/index.php?rest_route=\/wp\/v2\/pages\/32\/revisions\/1162"}],"up":[{"embeddable":true,"href":"https:\/\/buildit.wpbuilderkit.com\/index.php?rest_route=\/wp\/v2\/pages\/11"}],"wp:featuredmedia":[{"embeddable":true,"href":"https:\/\/buildit.wpbuilderkit.com\/index.php?rest_route=\/wp\/v2\/media\/1110"}],"wp:attachment":[{"href":"https:\/\/buildit.wpbuilderkit.com\/index.php?rest_route=%2Fwp%2Fv2%2Fmedia&parent=32"}],"curies":[{"name":"wp","href":"https:\/\/api.w.org\/{rel}","templated":true}]}}