  {"id":31,"date":"2021-12-08T15:00:14","date_gmt":"2021-12-08T15:00:14","guid":{"rendered":"https:\/\/buildit.wpbuilderkit.com\/?page_id=31"},"modified":"2022-01-26T08:53:38","modified_gmt":"2022-01-26T08:53:38","slug":"napelemes-rendszerek-telepitese","status":"publish","type":"page","link":"https:\/\/buildit.wpbuilderkit.com\/?page_id=31","title":{"rendered":"Napelemes rendszerek telep\u00edt\u00e9se"},"content":{"rendered":"\n<p>Napelemes rendszerek teljes k\u00f6r\u00fcl telep\u00edt\u00e9se \u00e9s korszer\u0171s\u00edt\u00e9se \u00e1ramtermel\u00e9s c\u00e9lj\u00e1b\u00f3l.<\/p>\n\n\n\n<!--more-->\n\n\n\n<ul class=\"wp-block-list\"><li><strong>Napelemes rendszer telep\u00edt\u00e9se (\u00e1ramtermel\u00e9s c\u00e9lj\u00e1b\u00f3l)<\/strong><\/li><li><strong>Napkollektoros rendszer telep\u00edt\u00e9se&nbsp;(melegv\u00edz el\u0151\u00e1ll\u00edt\u00e1sa \u00e9s f\u0171t\u00e9sr\u00e1seg\u00edt\u00e9s)<\/strong><\/li><li><strong>Brikett, pellet, faapr\u00edt\u00e9k, faelg\u00e1zos\u00edt\u00f3 kaz\u00e1nrendszer ki\u00e9p\u00edt\u00e9se<\/strong><\/li><li><strong>Geotermikus f\u0171t\u00e9srendszer ki\u00e9p\u00edt\u00e9se<\/strong><\/li><li><strong>Karbantart\u00e1si munk\u00e1latok elv\u00e9gz\u00e9se<\/strong><\/li><li><strong>Enged\u00e9lyek, tervek elk\u00e9sz\u00edt\u00e9se<\/strong><\/li><\/ul>\n\n\n\n<p><\/p>\n","protected":false},"excerpt":{"rendered":"<p>Napelemes rendszerek teljes k\u00f6r\u00fcl telep\u00edt\u00e9se \u00e9s korszer\u0171s\u00edt\u00e9se \u00e1ramtermel\u00e9s c\u00e9lj\u00e1b\u00f3l.<\/p>\n","protected":false},"author":1,"featured_media":1109,"parent":11,"menu_order":11,"comment_status":"closed","ping_status":"closed","template":"","meta":{"footnotes":""},"class_list":["post-31","page","type-page","status-publish","has-post-thumbnail","hentry"],"_links":{"self":[{"href":"https:\/\/buildit.wpbuilderkit.com\/index.php?rest_route=\/wp\/v2\/pages\/31","targetHints":{"allow":["GET"]}}],"collection":[{"href":"https:\/\/buildit.wpbuilderkit.com\/index.php?rest_route=\/wp\/v2\/pages"}],"about":[{"href":"https:\/\/buildit.wpbuilderkit.com\/index.php?rest_route=\/wp\/v2\/types\/page"}],"author":[{"embeddable":true,"href":"https:\/\/buildit.wpbuilderkit.com\/index.php?rest_route=\/wp\/v2\/users\/1"}],"replies":[{"embeddable":true,"href":"https:\/\/buildit.wpbuilderkit.com\/index.php?rest_route=%2Fwp%2Fv2%2Fcomments&post=31"}],"version-history":[{"count":4,"href":"https:\/\/buildit.wpbuilderkit.com\/index.php?rest_route=\/wp\/v2\/pages\/31\/revisions"}],"predecessor-version":[{"id":1160,"href":"https:\/\/buildit.wpbuilderkit.com\/index.php?rest_route=\/wp\/v2\/pages\/31\/revisions\/1160"}],"up":[{"embeddable":true,"href":"https:\/\/buildit.wpbuilderkit.com\/index.php?rest_route=\/wp\/v2\/pages\/11"}],"wp:featuredmedia":[{"embeddable":true,"href":"https:\/\/buildit.wpbuilderkit.com\/index.php?rest_route=\/wp\/v2\/media\/1109"}],"wp:attachment":[{"href":"https:\/\/buildit.wpbuilderkit.com\/index.php?rest_route=%2Fwp%2Fv2%2Fmedia&parent=31"}],"curies":[{"name":"wp","href":"https:\/\/api.w.org\/{rel}","templated":true}]}}