  {"id":30,"date":"2021-12-08T15:00:12","date_gmt":"2021-12-08T15:00:12","guid":{"rendered":"https:\/\/buildit.wpbuilderkit.com\/?page_id=30"},"modified":"2022-01-26T08:52:11","modified_gmt":"2022-01-26T08:52:11","slug":"komuves-es-mas-szakipari-munkak","status":"publish","type":"page","link":"https:\/\/buildit.wpbuilderkit.com\/?page_id=30","title":{"rendered":"K\u0151m\u0171ves \u00e9s m\u00e1s szakipari munk\u00e1k"},"content":{"rendered":"\n<p>Falazott \u00e9s egy\u00e9b k\u0151m\u0171vesszerkezetek, teherhord\u00f3 falak, v\u00e1laszfalak \u00e9p\u00edt\u00e9se, jav\u00edt\u00e1sa, karbantart\u00e1sa.<\/p>\n\n\n\n<!--more-->\n\n\n\n<ul class=\"wp-block-list\"><li><strong>Hozz\u00e1\u00e9p\u00edt\u00e9s, emelet r\u00e1\u00e9p\u00edt\u00e9s, tet\u0151t\u00e9r be\u00e9p\u00edt\u00e9s<\/strong><\/li><li><strong>K\u00fcls\u0151 \u00e9s bels\u0151 \u00e1talak\u00edt\u00e1sok<\/strong><\/li><li><strong>\u00c9p\u00fcletszerkezetek meger\u0151s\u00edt\u00e9se<\/strong><\/li><li><strong>Bont\u00e1si munk\u00e1k<\/strong><\/li><li><strong>Falaz\u00e1s, \u00e1thidal\u00f3 szerkezetek be\u00e9p\u00edt\u00e9se<\/strong><\/li><li><strong>Egy\u00e9b ig\u00e9nyelt munk\u00e1latok<\/strong><\/li><\/ul>\n\n\n\n<p> <\/p>\n","protected":false},"excerpt":{"rendered":"<p>Falazott \u00e9s egy\u00e9b k\u0151m\u0171vesszerkezetek, teherhord\u00f3 falak, v\u00e1laszfalak \u00e9p\u00edt\u00e9se, jav\u00edt\u00e1sa, karbantart\u00e1sa.<\/p>\n","protected":false},"author":1,"featured_media":1108,"parent":11,"menu_order":10,"comment_status":"closed","ping_status":"closed","template":"","meta":{"footnotes":""},"class_list":["post-30","page","type-page","status-publish","has-post-thumbnail","hentry"],"_links":{"self":[{"href":"https:\/\/buildit.wpbuilderkit.com\/index.php?rest_route=\/wp\/v2\/pages\/30","targetHints":{"allow":["GET"]}}],"collection":[{"href":"https:\/\/buildit.wpbuilderkit.com\/index.php?rest_route=\/wp\/v2\/pages"}],"about":[{"href":"https:\/\/buildit.wpbuilderkit.com\/index.php?rest_route=\/wp\/v2\/types\/page"}],"author":[{"embeddable":true,"href":"https:\/\/buildit.wpbuilderkit.com\/index.php?rest_route=\/wp\/v2\/users\/1"}],"replies":[{"embeddable":true,"href":"https:\/\/buildit.wpbuilderkit.com\/index.php?rest_route=%2Fwp%2Fv2%2Fcomments&post=30"}],"version-history":[{"count":4,"href":"https:\/\/buildit.wpbuilderkit.com\/index.php?rest_route=\/wp\/v2\/pages\/30\/revisions"}],"predecessor-version":[{"id":1158,"href":"https:\/\/buildit.wpbuilderkit.com\/index.php?rest_route=\/wp\/v2\/pages\/30\/revisions\/1158"}],"up":[{"embeddable":true,"href":"https:\/\/buildit.wpbuilderkit.com\/index.php?rest_route=\/wp\/v2\/pages\/11"}],"wp:featuredmedia":[{"embeddable":true,"href":"https:\/\/buildit.wpbuilderkit.com\/index.php?rest_route=\/wp\/v2\/media\/1108"}],"wp:attachment":[{"href":"https:\/\/buildit.wpbuilderkit.com\/index.php?rest_route=%2Fwp%2Fv2%2Fmedia&parent=30"}],"curies":[{"name":"wp","href":"https:\/\/api.w.org\/{rel}","templated":true}]}}