  {"id":16,"date":"2021-12-08T14:48:20","date_gmt":"2021-12-08T14:48:20","guid":{"rendered":"https:\/\/buildit.wpbuilderkit.com\/?page_id=16"},"modified":"2022-02-15T18:23:36","modified_gmt":"2022-02-15T18:23:36","slug":"teto-felujitasa-uj-teto-keszitese","status":"publish","type":"page","link":"https:\/\/buildit.wpbuilderkit.com\/?page_id=16","title":{"rendered":"Tet\u0151 fel\u00faj\u00edt\u00e1sa, \u00faj tet\u0151 k\u00e9sz\u00edt\u00e9se"},"content":{"rendered":"\n<p>\u00daj tet\u0151 k\u00e9sz\u00edt\u00e9s garanci\u00e1val. Faf\u00f6d\u00e9m, szarufa, k\u00e9t\u00e1ll\u00f3sz\u00e9kes fed\u00e9lszerkezet, mediterr\u00e1n tet\u0151.<\/p>\n\n\n\n<!--more-->\n\n\n\n<ul class=\"wp-block-list\"><li><strong>H\u00e9jazat cser\u00e9je<\/strong><\/li><li><strong>Fed\u00e9lszerkezet k\u00e9sz\u00edt\u00e9se<\/strong><\/li><li><strong>El\u0151tet\u0151k k\u00e9sz\u00edt\u00e9se<\/strong><\/li><li><strong>Tet\u0151szigetel\u00e9sek, ut\u00f3lagos szigetel\u00e9s<\/strong><\/li><\/ul>\n","protected":false},"excerpt":{"rendered":"<p>\u00daj tet\u0151 k\u00e9sz\u00edt\u00e9s garanci\u00e1val. Faf\u00f6d\u00e9m, szarufa, k\u00e9t\u00e1ll\u00f3sz\u00e9kes fed\u00e9lszerkezet, mediterr\u00e1n tet\u0151.<\/p>\n","protected":false},"author":1,"featured_media":1256,"parent":11,"menu_order":13,"comment_status":"closed","ping_status":"closed","template":"","meta":{"footnotes":""},"class_list":["post-16","page","type-page","status-publish","has-post-thumbnail","hentry"],"_links":{"self":[{"href":"https:\/\/buildit.wpbuilderkit.com\/index.php?rest_route=\/wp\/v2\/pages\/16","targetHints":{"allow":["GET"]}}],"collection":[{"href":"https:\/\/buildit.wpbuilderkit.com\/index.php?rest_route=\/wp\/v2\/pages"}],"about":[{"href":"https:\/\/buildit.wpbuilderkit.com\/index.php?rest_route=\/wp\/v2\/types\/page"}],"author":[{"embeddable":true,"href":"https:\/\/buildit.wpbuilderkit.com\/index.php?rest_route=\/wp\/v2\/users\/1"}],"replies":[{"embeddable":true,"href":"https:\/\/buildit.wpbuilderkit.com\/index.php?rest_route=%2Fwp%2Fv2%2Fcomments&post=16"}],"version-history":[{"count":8,"href":"https:\/\/buildit.wpbuilderkit.com\/index.php?rest_route=\/wp\/v2\/pages\/16\/revisions"}],"predecessor-version":[{"id":1255,"href":"https:\/\/buildit.wpbuilderkit.com\/index.php?rest_route=\/wp\/v2\/pages\/16\/revisions\/1255"}],"up":[{"embeddable":true,"href":"https:\/\/buildit.wpbuilderkit.com\/index.php?rest_route=\/wp\/v2\/pages\/11"}],"wp:featuredmedia":[{"embeddable":true,"href":"https:\/\/buildit.wpbuilderkit.com\/index.php?rest_route=\/wp\/v2\/media\/1256"}],"wp:attachment":[{"href":"https:\/\/buildit.wpbuilderkit.com\/index.php?rest_route=%2Fwp%2Fv2%2Fmedia&parent=16"}],"curies":[{"name":"wp","href":"https:\/\/api.w.org\/{rel}","templated":true}]}}