  {"id":15,"date":"2021-12-08T14:48:20","date_gmt":"2021-12-08T14:48:20","guid":{"rendered":"https:\/\/buildit.wpbuilderkit.com\/?page_id=15"},"modified":"2022-02-20T10:23:03","modified_gmt":"2022-02-20T10:23:03","slug":"klimarendszerek-epitese","status":"publish","type":"page","link":"https:\/\/buildit.wpbuilderkit.com\/?page_id=15","title":{"rendered":"Kl\u00edmarendszerek \u00e9p\u00edt\u00e9se"},"content":{"rendered":"\n<p><strong>V\u00e1llaljuk mindennem\u0171 split kl\u00edmaberendez\u00e9s jav\u00edt\u00e1s\u00e1t \u00e9s helysz\u00edni be\u00fczemel\u00e9s\u00e9t, garanci\u00e1val!<\/strong><\/p>\n\n\n\n<p>tibulum fringilla sed vel leo. Aliquam luctus est lacus,\u00a0<a href=\"https:\/\/magazin.front-end.hu\/szeles-oldal\/#\">non tempor\u00a0<\/a>commodo vel.\u00a0<em>Ut quis accumsan neque.<\/em>\u00a0Aenean vestibulum nunc sit amet cursus accumsan. Nulla porta, velit vel tincidunt varius, justo mauris tincidunt nibh, vel volutpat elit sem a nisi. Pellentesque eget nulla eu quam euismod pulvior vitae eu nibh.<\/p>\n\n\n\n<p><a class=\"button\" href=\"http:\/\/tszt\" data-type=\"URL\" data-id=\"tszt\">Aj\u00e1nlatk\u00e9r\u00e9s<\/a><\/p>\n\n\n\n<!--more-->\n\n\n\n<h2 class=\"wp-block-heading\" id=\"h2-heading-et-nulla-placerat-posuere\">H2 heading et nulla placerat posuere<\/h2>\n\n\n\n<p>Lorem ipsum dolor sit amet,&nbsp;<strong>consectetur adipiscing<\/strong>&nbsp;elit. Sed id tortor dolor. Praesent ut tellus et nulla placerat posuere. Nunc ut congue nibh, nec facilisis dolor. Sed vel odio sed neque vestibulum fringilla sed vel leo. Aliquam luctus est lacus,&nbsp;<a href=\"https:\/\/magazin.front-end.hu\/szeles-oldal\/#\">non tempor&nbsp;<\/a>commodo vel.&nbsp;<em>Ut quis accumsan neque.<\/em>&nbsp;Aenean vestibulum nunc sit amet cursus accumsan. Nulla porta, velit vel tincidunt varius, justo mauris tincidunt nibh, vel volutpat elit sem a nisi. Pellentesque eget nulla eu quam euismod pulvior vitae eu nibh.<\/p>\n\n\n\n<ul class=\"wp-block-list\"><li>Lorem ipsum dolor sit amet, consectetuer adipiscing elit<\/li><li>Aliquam tincidunt mauris eu risus<\/li><li>Vestibulum auctor dapibus neque<\/li><li>Lorem ipsum dolor sit amet, consectetuer adipiscing elit<\/li><li>Aliquam tincidunt mauris eu risus<\/li><li>Vestibulum auctor dapibus neque<\/li><\/ul>\n\n\n\n<p>Lorem ipsum dolor sit amet,&nbsp;<strong>consectetur adipiscing<\/strong>&nbsp;elit. Sed id tortor dolor. Praesent ut tellus et nulla placerat posuere. Nunc ut congue nibh, nec facilisis dolor. Sed vel odio sed neque vestibulum fringilla sed vel leo. Aliquam luctus est lacus,&nbsp;<a href=\"https:\/\/magazin.front-end.hu\/szeles-oldal\/#\">non tempor&nbsp;<\/a>commodo vel. Ut quis accumsan neque. Aenean&nbsp;<s>vestibulum nunc sit amet<\/s>&nbsp;cursus accumsan. Nulla porta, velit vel tincidunt varius, justo mauris tincidunt nibh, vel volutpat elit sem a nisi. Pellentesque eget nulla eu quam euismod pulvior vitae eu nibh.<\/p>\n\n\n\n<blockquote class=\"wp-block-quote is-layout-flow wp-block-quote-is-layout-flow\"><p>Lorem ipsum dolor sit amet,&nbsp;<strong>consectetur adipiscing<\/strong>&nbsp;elit. Sed id tortor dolor. Praesent ut tellus et nulla placerat posuere.<\/p><\/blockquote>\n\n\n\n<h3 class=\"wp-block-heading\" id=\"h3-heading-auctor-dapibus-adipiscing-elit\">H3 heading auctor dapibus adipiscing elit<\/h3>\n\n\n\n<p>Lorem ipsum&nbsp;<strong>dolor sit amet, dolor<\/strong>. Praesent ut tellus et&nbsp;<a href=\"https:\/\/magazin.front-end.hu\/szeles-oldal\/#\">nulla placerat<\/a>&nbsp;posuereneque vestibulum fringilla sed vel leo. Aliquam luctus est lacus, non tempor diam commodo vel. Ut quis accumsan neque. Aenean vestibulum nunc sit amet cursus accumsan. Nulla porta, velit vel tincidunt varius, justo mauris tincidunt nibh, vel volutpat elit sem a nisi. Pellentesque eget nulla eu quam euismod pulvior vitae eu nibh.<\/p>\n\n\n\n<p>Diam commodo vel. Ut quis accumsan neque. Aenean vestibulum nunc sit amet cursus accumsan. Nulla porta, velit vel tincidunt varius, justo mauris tincidunt nibh, vel volutpat elit sem a nisi. Pellentesque eget nulla eu quam euismod pulvior vitae eu nibh.<\/p>\n\n\n\n<p><a href=\"https:\/\/magazin.front-end.hu\/szeles-oldal\/#\">BUTTON<\/a><\/p>\n\n\n\n<h3 class=\"wp-block-heading\" id=\"h3-vestibulum-auctor-dapibus-adipiscing-elit\">H3 Vestibulum auctor dapibus adipiscing elit<\/h3>\n\n\n\n<p>Lorem ipsum dolor sit amet,&nbsp;<strong>consectetur adipiscing<\/strong>&nbsp;elit. Sed id tortor dolor. Praesent ut tellus et nulla placerat posuere. Nunc ut congue nibh, nec facilisis dolor. Sed vel odio sed neque vestibulum fringilla sed vel leo. Aliquam luctus est lacus,&nbsp;<a href=\"https:\/\/magazin.front-end.hu\/szeles-oldal\/#\">non tempor&nbsp;<\/a>commodo vel. Ut quis accumsan neque. Aenean vestibulum nunc sit amet cursus accumsan. Nulla porta, velit vel tincidunt varius, justo mauris tincidunt nibh, vel volutpat elit sem a nisi. Pellentesque eget nulla eu quam euismod pulvior vitae eu nibh.<\/p>\n\n\n\n<ol class=\"wp-block-list\"><li>Lorem ipsum dolor sit amet, consectetuer adipiscing elit<\/li><li>Aliquam tincidunt mauris eu risus<\/li><li>Vestibulum auctor dapibus neque<\/li><li>Lorem ipsum dolor sit amet, consectetuer adipiscing elit<\/li><li>Aliquam tincidunt mauris eu risus<\/li><li>Vestibulum auctor dapibus neque<\/li><\/ol>\n\n\n\n<h3 class=\"wp-block-heading\" id=\"h3-vestibulum-auctor-dapibus-adipiscing-elit\">H3 Vestibulum auctor dapibus adipiscing elit<\/h3>\n\n\n\n<p><em>\u201cDiam commodo vel. Ut quis accumsan neque. Aenean vestibulum nunc sit amet cursus accumsan. Nulla porta, velit vel tincidunt varius, justo mauris tincidunt nibh, vel volutpat elit sem a nisi. Pellentesque eget nulla eu quam euismod pulvior vitae eu nibh\u201d<\/em><\/p>\n","protected":false},"excerpt":{"rendered":"<p>V\u00e1llaljuk mindennem\u0171 split kl\u00edmaberendez\u00e9s jav\u00edt\u00e1s\u00e1t \u00e9s helysz\u00edni be\u00fczemel\u00e9s\u00e9t, garanci\u00e1val! tibulum fringilla sed vel leo. Aliquam luctus est lacus,\u00a0non &#8230;<\/p>\n","protected":false},"author":1,"featured_media":1270,"parent":11,"menu_order":9,"comment_status":"closed","ping_status":"closed","template":"","meta":{"footnotes":""},"class_list":["post-15","page","type-page","status-publish","has-post-thumbnail","hentry"],"_links":{"self":[{"href":"https:\/\/buildit.wpbuilderkit.com\/index.php?rest_route=\/wp\/v2\/pages\/15","targetHints":{"allow":["GET"]}}],"collection":[{"href":"https:\/\/buildit.wpbuilderkit.com\/index.php?rest_route=\/wp\/v2\/pages"}],"about":[{"href":"https:\/\/buildit.wpbuilderkit.com\/index.php?rest_route=\/wp\/v2\/types\/page"}],"author":[{"embeddable":true,"href":"https:\/\/buildit.wpbuilderkit.com\/index.php?rest_route=\/wp\/v2\/users\/1"}],"replies":[{"embeddable":true,"href":"https:\/\/buildit.wpbuilderkit.com\/index.php?rest_route=%2Fwp%2Fv2%2Fcomments&post=15"}],"version-history":[{"count":10,"href":"https:\/\/buildit.wpbuilderkit.com\/index.php?rest_route=\/wp\/v2\/pages\/15\/revisions"}],"predecessor-version":[{"id":1329,"href":"https:\/\/buildit.wpbuilderkit.com\/index.php?rest_route=\/wp\/v2\/pages\/15\/revisions\/1329"}],"up":[{"embeddable":true,"href":"https:\/\/buildit.wpbuilderkit.com\/index.php?rest_route=\/wp\/v2\/pages\/11"}],"wp:featuredmedia":[{"embeddable":true,"href":"https:\/\/buildit.wpbuilderkit.com\/index.php?rest_route=\/wp\/v2\/media\/1270"}],"wp:attachment":[{"href":"https:\/\/buildit.wpbuilderkit.com\/index.php?rest_route=%2Fwp%2Fv2%2Fmedia&parent=15"}],"curies":[{"name":"wp","href":"https:\/\/api.w.org\/{rel}","templated":true}]}}