  {"id":14,"date":"2021-12-08T14:43:29","date_gmt":"2021-12-08T14:43:29","guid":{"rendered":"https:\/\/buildit.wpbuilderkit.com\/?page_id=14"},"modified":"2022-01-26T08:17:49","modified_gmt":"2022-01-26T08:17:49","slug":"komplex-muszaki-epuletfenntartas-es-teljes-koru-szerviz","status":"publish","type":"page","link":"https:\/\/buildit.wpbuilderkit.com\/","title":{"rendered":"Komplex m\u0171szaki \u00e9p\u00fcletfenntart\u00e1s \u00e9s teljes k\u00f6r\u0171 szerv\u00edz"},"content":{"rendered":"\n<p>\u00c9p\u00fcletg\u00e9p\u00e9szeti rendszerek folyamatos \u00fczemeltet\u00e9se, rendszeres \u00e9s id\u0151szakos karbantart\u00e1sa, jav\u00edt\u00e1s, szerel\u00e9s, hibaelh\u00e1r\u00edt\u00e1s. T\u00f6bb \u00e9ves val\u00f3s tapasztalattal rendelkez\u00fcnk a kivitelez\u00e9si terepen.<\/p>\n\n\n\n<p><a class=\"button\" href=\"https:\/\/buildit.wpbuilderkit.com\/?page_id=11\" data-type=\"page\" data-id=\"11\">Szolg\u00e1ltat\u00e1sok<\/a> <a class=\"button black\" href=\"http:\/\/nemtudom\" data-type=\"URL\" data-id=\"nemtudom\">Aj\u00e1nlatk\u00e9r\u00e9s<\/a><\/p>\n","protected":false},"excerpt":{"rendered":"<p>\u00c9p\u00fcletg\u00e9p\u00e9szeti rendszerek folyamatos \u00fczemeltet\u00e9se, rendszeres \u00e9s id\u0151szakos karbantart\u00e1sa, jav\u00edt\u00e1s, szerel\u00e9s, hibaelh\u00e1r\u00edt\u00e1s. T\u00f6bb \u00e9ves val\u00f3s tapasztalattal rendelkez\u00fcnk a kivitelez\u00e9si &#8230;<\/p>\n","protected":false},"author":1,"featured_media":0,"parent":0,"menu_order":5,"comment_status":"closed","ping_status":"closed","template":"","meta":{"footnotes":""},"class_list":["post-14","page","type-page","status-publish","hentry"],"_links":{"self":[{"href":"https:\/\/buildit.wpbuilderkit.com\/index.php?rest_route=\/wp\/v2\/pages\/14","targetHints":{"allow":["GET"]}}],"collection":[{"href":"https:\/\/buildit.wpbuilderkit.com\/index.php?rest_route=\/wp\/v2\/pages"}],"about":[{"href":"https:\/\/buildit.wpbuilderkit.com\/index.php?rest_route=\/wp\/v2\/types\/page"}],"author":[{"embeddable":true,"href":"https:\/\/buildit.wpbuilderkit.com\/index.php?rest_route=\/wp\/v2\/users\/1"}],"replies":[{"embeddable":true,"href":"https:\/\/buildit.wpbuilderkit.com\/index.php?rest_route=%2Fwp%2Fv2%2Fcomments&post=14"}],"version-history":[{"count":21,"href":"https:\/\/buildit.wpbuilderkit.com\/index.php?rest_route=\/wp\/v2\/pages\/14\/revisions"}],"predecessor-version":[{"id":1152,"href":"https:\/\/buildit.wpbuilderkit.com\/index.php?rest_route=\/wp\/v2\/pages\/14\/revisions\/1152"}],"wp:attachment":[{"href":"https:\/\/buildit.wpbuilderkit.com\/index.php?rest_route=%2Fwp%2Fv2%2Fmedia&parent=14"}],"curies":[{"name":"wp","href":"https:\/\/api.w.org\/{rel}","templated":true}]}}