  {"id":13,"date":"2021-12-08T14:48:20","date_gmt":"2021-12-08T14:48:20","guid":{"rendered":"https:\/\/buildit.wpbuilderkit.com\/?page_id=13"},"modified":"2022-01-26T08:50:38","modified_gmt":"2022-01-26T08:50:38","slug":"epuletautomatizalas","status":"publish","type":"page","link":"https:\/\/buildit.wpbuilderkit.com\/?page_id=13","title":{"rendered":"\u00c9p\u00fcletautomatiz\u00e1l\u00e1s, okos otthon"},"content":{"rendered":"\n<p>Riaszt\u00f3rendszerek szerel\u00e9se, jav\u00edt\u00e1sa, karbantart\u00e1sa. Kaputelefonok \u00e9s t\u00e1volr\u00f3l m\u0171k\u00f6dtethet\u0151 h\u00e1l\u00f3zatok telep\u00edt\u00e9se.<\/p>\n\n\n\n<!--more-->\n","protected":false},"excerpt":{"rendered":"<p>Riaszt\u00f3rendszerek szerel\u00e9se, jav\u00edt\u00e1sa, karbantart\u00e1sa. Kaputelefonok \u00e9s t\u00e1volr\u00f3l m\u0171k\u00f6dtethet\u0151 h\u00e1l\u00f3zatok telep\u00edt\u00e9se.<\/p>\n","protected":false},"author":1,"featured_media":1271,"parent":11,"menu_order":8,"comment_status":"closed","ping_status":"closed","template":"","meta":{"footnotes":""},"class_list":["post-13","page","type-page","status-publish","has-post-thumbnail","hentry"],"_links":{"self":[{"href":"https:\/\/buildit.wpbuilderkit.com\/index.php?rest_route=\/wp\/v2\/pages\/13","targetHints":{"allow":["GET"]}}],"collection":[{"href":"https:\/\/buildit.wpbuilderkit.com\/index.php?rest_route=\/wp\/v2\/pages"}],"about":[{"href":"https:\/\/buildit.wpbuilderkit.com\/index.php?rest_route=\/wp\/v2\/types\/page"}],"author":[{"embeddable":true,"href":"https:\/\/buildit.wpbuilderkit.com\/index.php?rest_route=\/wp\/v2\/users\/1"}],"replies":[{"embeddable":true,"href":"https:\/\/buildit.wpbuilderkit.com\/index.php?rest_route=%2Fwp%2Fv2%2Fcomments&post=13"}],"version-history":[{"count":8,"href":"https:\/\/buildit.wpbuilderkit.com\/index.php?rest_route=\/wp\/v2\/pages\/13\/revisions"}],"predecessor-version":[{"id":1155,"href":"https:\/\/buildit.wpbuilderkit.com\/index.php?rest_route=\/wp\/v2\/pages\/13\/revisions\/1155"}],"up":[{"embeddable":true,"href":"https:\/\/buildit.wpbuilderkit.com\/index.php?rest_route=\/wp\/v2\/pages\/11"}],"wp:featuredmedia":[{"embeddable":true,"href":"https:\/\/buildit.wpbuilderkit.com\/index.php?rest_route=\/wp\/v2\/media\/1271"}],"wp:attachment":[{"href":"https:\/\/buildit.wpbuilderkit.com\/index.php?rest_route=%2Fwp%2Fv2%2Fmedia&parent=13"}],"curies":[{"name":"wp","href":"https:\/\/api.w.org\/{rel}","templated":true}]}}