  {"id":12,"date":"2021-12-08T14:48:20","date_gmt":"2021-12-08T14:48:20","guid":{"rendered":"https:\/\/buildit.wpbuilderkit.com\/?page_id=12"},"modified":"2021-12-08T15:12:21","modified_gmt":"2021-12-08T15:12:21","slug":"viz-gaz-futes-szereles","status":"publish","type":"page","link":"https:\/\/buildit.wpbuilderkit.com\/?page_id=12","title":{"rendered":"V\u00edz, G\u00e1z, F\u0171t\u00e9s szerel\u00e9s"},"content":{"rendered":"\n<p>Lakoss\u00e1gi \u00e9s Ipari \u00e9p\u00fcletvillamoss\u00e1gi \u00e9s egy\u00e9b villamosipari munk\u00e1latok kivitelez\u00e9se, villamosipari berendez\u00e9sek szerel\u00e9se \u00e9s jav\u00edt\u00e1sa. Kisebb jav\u00edt\u00e1sokt\u00f3l, a komplett \u00e9p\u00fcletvillamoss\u00e1gi kivitelez\u00e9sig. Villamos m\u00e9r\u0151helyek szabv\u00e1nyos szerel\u00e9se. Teljes\u00edtm\u00e9nyb\u0151v\u00edt\u00e9s. Elektromos m\u0171vek teljesk\u00f6r\u0171 \u00fcgyint\u00e9z\u00e9se.<\/p>\n","protected":false},"excerpt":{"rendered":"<p>Lakoss\u00e1gi \u00e9s Ipari \u00e9p\u00fcletvillamoss\u00e1gi \u00e9s egy\u00e9b villamosipari munk\u00e1latok kivitelez\u00e9se, villamosipari berendez\u00e9sek szerel\u00e9se \u00e9s jav\u00edt\u00e1sa. Kisebb jav\u00edt\u00e1sokt\u00f3l, a komplett &#8230;<\/p>\n","protected":false},"author":1,"featured_media":1114,"parent":11,"menu_order":15,"comment_status":"closed","ping_status":"closed","template":"","meta":{"footnotes":""},"class_list":["post-12","page","type-page","status-publish","has-post-thumbnail","hentry"],"_links":{"self":[{"href":"https:\/\/buildit.wpbuilderkit.com\/index.php?rest_route=\/wp\/v2\/pages\/12","targetHints":{"allow":["GET"]}}],"collection":[{"href":"https:\/\/buildit.wpbuilderkit.com\/index.php?rest_route=\/wp\/v2\/pages"}],"about":[{"href":"https:\/\/buildit.wpbuilderkit.com\/index.php?rest_route=\/wp\/v2\/types\/page"}],"author":[{"embeddable":true,"href":"https:\/\/buildit.wpbuilderkit.com\/index.php?rest_route=\/wp\/v2\/users\/1"}],"replies":[{"embeddable":true,"href":"https:\/\/buildit.wpbuilderkit.com\/index.php?rest_route=%2Fwp%2Fv2%2Fcomments&post=12"}],"version-history":[{"count":5,"href":"https:\/\/buildit.wpbuilderkit.com\/index.php?rest_route=\/wp\/v2\/pages\/12\/revisions"}],"predecessor-version":[{"id":27,"href":"https:\/\/buildit.wpbuilderkit.com\/index.php?rest_route=\/wp\/v2\/pages\/12\/revisions\/27"}],"up":[{"embeddable":true,"href":"https:\/\/buildit.wpbuilderkit.com\/index.php?rest_route=\/wp\/v2\/pages\/11"}],"wp:featuredmedia":[{"embeddable":true,"href":"https:\/\/buildit.wpbuilderkit.com\/index.php?rest_route=\/wp\/v2\/media\/1114"}],"wp:attachment":[{"href":"https:\/\/buildit.wpbuilderkit.com\/index.php?rest_route=%2Fwp%2Fv2%2Fmedia&parent=12"}],"curies":[{"name":"wp","href":"https:\/\/api.w.org\/{rel}","templated":true}]}}