  {"id":11,"date":"2021-12-08T14:43:23","date_gmt":"2021-12-08T14:43:23","guid":{"rendered":"https:\/\/buildit.wpbuilderkit.com\/?page_id=11"},"modified":"2022-02-15T12:14:57","modified_gmt":"2022-02-15T12:14:57","slug":"szolgaltatasok","status":"publish","type":"page","link":"https:\/\/buildit.wpbuilderkit.com\/?page_id=11","title":{"rendered":"Szolg\u00e1ltat\u00e1sok"},"content":{"rendered":"\n<p>\u00c9p\u00fcletg\u00e9p\u00e9szeti rendszerek folyamatos \u00fczemeltet\u00e9se, rendszeres \u00e9s id\u0151szakos karbantart\u00e1sa, jav\u00edt\u00e1s, szerel\u00e9s, hibaelh\u00e1r\u00edt\u00e1s.  <\/p>\n\n\n\n<!--more-->\n\n\n\n<h2 class=\"wp-block-heading\" id=\"tobb-eves-valos-tapasztalattal-rendelkezunk-a-kivitelezesi-terepen\">T\u00f6bb \u00e9ves val\u00f3s tapasztalattal rendelkez\u00fcnk a kivitelez\u00e9si terepen<\/h2>\n\n\n\n<p>Lorem ipsum dolor sit amet, consectetur adipiscing elit. Proin tincidunt odio cursus, maximus neque eu, finibus leo. Vestibulum eu elementum sem. Donec gravida pellentesque varius. Nam et efficitur velit. Aliquam eu dolor ac arcu maximus maximus vitae et justo. Nullam odio risus, suscipit vitae ante ut, interdum dictum justo. Sed cursus eros in ultrices rhoncus. Maecenas ultricies magna vitae est placerat elementum.<\/p>\n","protected":false},"excerpt":{"rendered":"<p>\u00c9p\u00fcletg\u00e9p\u00e9szeti rendszerek folyamatos \u00fczemeltet\u00e9se, rendszeres \u00e9s id\u0151szakos karbantart\u00e1sa, jav\u00edt\u00e1s, szerel\u00e9s, hibaelh\u00e1r\u00edt\u00e1s.<\/p>\n","protected":false},"author":1,"featured_media":0,"parent":0,"menu_order":7,"comment_status":"closed","ping_status":"closed","template":"page-szolgaltasok.php","meta":{"footnotes":""},"class_list":["post-11","page","type-page","status-publish","hentry"],"_links":{"self":[{"href":"https:\/\/buildit.wpbuilderkit.com\/index.php?rest_route=\/wp\/v2\/pages\/11","targetHints":{"allow":["GET"]}}],"collection":[{"href":"https:\/\/buildit.wpbuilderkit.com\/index.php?rest_route=\/wp\/v2\/pages"}],"about":[{"href":"https:\/\/buildit.wpbuilderkit.com\/index.php?rest_route=\/wp\/v2\/types\/page"}],"author":[{"embeddable":true,"href":"https:\/\/buildit.wpbuilderkit.com\/index.php?rest_route=\/wp\/v2\/users\/1"}],"replies":[{"embeddable":true,"href":"https:\/\/buildit.wpbuilderkit.com\/index.php?rest_route=%2Fwp%2Fv2%2Fcomments&post=11"}],"version-history":[{"count":13,"href":"https:\/\/buildit.wpbuilderkit.com\/index.php?rest_route=\/wp\/v2\/pages\/11\/revisions"}],"predecessor-version":[{"id":1191,"href":"https:\/\/buildit.wpbuilderkit.com\/index.php?rest_route=\/wp\/v2\/pages\/11\/revisions\/1191"}],"wp:attachment":[{"href":"https:\/\/buildit.wpbuilderkit.com\/index.php?rest_route=%2Fwp%2Fv2%2Fmedia&parent=11"}],"curies":[{"name":"wp","href":"https:\/\/api.w.org\/{rel}","templated":true}]}}